{"id":268,"date":"2024-11-16T12:22:02","date_gmt":"2024-11-16T11:22:02","guid":{"rendered":"https:\/\/pharmaciedepaste.hopto.org\/?page_id=268"},"modified":"2024-11-19T21:56:36","modified_gmt":"2024-11-19T20:56:36","slug":"mentions-legales","status":"publish","type":"page","link":"https:\/\/www.pharmaciedepaste.fr\/index.php\/mentions-legales\/","title":{"rendered":"Mentions l\u00e9gales"},"content":{"rendered":"\n<h3 class=\"wp-block-heading\"><strong>\u00c9diteur du site<\/strong><\/h3>\n\n\n\n<p class=\"has-small-font-size\">Le pr\u00e9sent site internet (pharmaciedepaste.fr) est \u00e9dit\u00e9 par :<br>Pharmacie de Paste<br>Adresse :&nbsp;Boulevard de Paste &#8211; 07000 Privas &#8211; France<br>SIRET : 838 444 651 00015<br>T\u00e9l\u00e9phone : 04 75 64 02 20<br>E-mail : <em>pharmaciedepaste@gmail.com<\/em><\/p>\n\n\n\n<div style=\"height:30px\" aria-hidden=\"true\" class=\"wp-block-spacer\"><\/div>\n\n\n\n<h3 class=\"wp-block-heading\"><strong>H\u00e9bergeur du site<\/strong><\/h3>\n\n\n\n<p class=\"has-small-font-size\">Le site est h\u00e9berg\u00e9 par : OVH<br>Adresse : 2 rue Kellermann &#8211; 59100 Roubaix &#8211; France<br>T\u00e9l\u00e9phone : 1007<br>Site internet : <a href=\"https:\/\/www.ovhcloud.com\/fr\/\">https:\/\/www.ovhcloud.com<\/a><\/p>\n\n\n\n<div style=\"height:30px\" aria-hidden=\"true\" class=\"wp-block-spacer\"><\/div>\n\n\n\n<h3 class=\"wp-block-heading\"><strong>Propri\u00e9t\u00e9 intellectuelle<\/strong><\/h3>\n\n\n\n<p class=\"has-small-font-size\">Tous les contenus pr\u00e9sents sur ce site (textes, images, graphismes, logos, vid\u00e9os, ic\u00f4nes, etc.) sont la propri\u00e9t\u00e9 exclusive de la Pharmacie de Paste ou sont utilis\u00e9s avec l\u2019autorisation des titulaires des droits.<br>Toute reproduction, repr\u00e9sentation, modification, publication, adaptation de tout ou partie des \u00e9l\u00e9ments de ce site, quel que soit le moyen ou le proc\u00e9d\u00e9 utilis\u00e9, est interdite, sauf autorisation \u00e9crite pr\u00e9alable de la Pharmacie de Paste.<\/p>\n\n\n\n<div style=\"height:30px\" aria-hidden=\"true\" class=\"wp-block-spacer\"><\/div>\n\n\n\n<h3 class=\"wp-block-heading\"><strong>Donn\u00e9es personnelles<\/strong><\/h3>\n\n\n\n<p class=\"has-small-font-size\">Conform\u00e9ment au R\u00e8glement G\u00e9n\u00e9ral sur la Protection des Donn\u00e9es (RGPD), les donn\u00e9es collect\u00e9es via ce site (nom, pr\u00e9nom, email, t\u00e9l\u00e9phone, etc.) sont trait\u00e9es par Pharmacie de Paste pour les finalit\u00e9s suivantes :<\/p>\n\n\n\n<ul class=\"wp-block-list\">\n<li class=\"has-small-font-size\">Gestion des demandes de rendez-vous<\/li>\n\n\n\n<li class=\"has-small-font-size\">Communication avec les utilisateurs<\/li>\n<\/ul>\n\n\n\n<p class=\"has-small-font-size\">Ces donn\u00e9es ne sont en aucun cas partag\u00e9es avec des tiers ou utilis\u00e9es \u00e0 des fins commerciales sans le consentement explicite de l\u2019utilisateur.<\/p>\n\n\n\n<p class=\"has-small-font-size\">Les donn\u00e9es sont accessibles uniquement aux employ\u00e9s et prestataires autoris\u00e9s de Pharmacie de Paste.<\/p>\n\n\n\n<p class=\"has-small-font-size\">Vous disposez d\u2019un droit d\u2019acc\u00e8s, de rectification, d\u2019effacement, et de portabilit\u00e9 de vos donn\u00e9es, ainsi que d\u2019un droit de limitation ou d\u2019opposition au traitement.<br>Pour exercer vos droits, contactez-nous \u00e0 l\u2019adresse suivante : <em>pharmaciedepaste@gmail.com<\/em><\/p>\n\n\n\n<p class=\"has-small-font-size\">En cas de litige, vous pouvez introduire une r\u00e9clamation aupr\u00e8s de la CNIL (<a href=\"https:\/\/www.cnil.fr\">www.cnil.fr<\/a>).<\/p>\n\n\n\n<div style=\"height:30px\" aria-hidden=\"true\" class=\"wp-block-spacer\"><\/div>\n\n\n\n<h3 class=\"wp-block-heading\"><strong>Cookies<\/strong><\/h3>\n\n\n\n<p class=\"has-small-font-size\">Le site n&rsquo;utilise pas de cookie pour les utilisateurs.<\/p>\n\n\n\n<div style=\"height:30px\" aria-hidden=\"true\" class=\"wp-block-spacer\"><\/div>\n\n\n\n<h3 class=\"wp-block-heading\"><strong>Responsabilit\u00e9<\/strong><\/h3>\n\n\n\n<p class=\"has-small-font-size\">La Pharmacie de Paste s\u2019efforce d\u2019assurer l\u2019exactitude et la mise \u00e0 jour des informations publi\u00e9es sur ce site. Toutefois, des erreurs ou omissions peuvent survenir. La Pharmacie de Paste ne saurait \u00eatre tenu responsable des pr\u00e9judices directs ou indirects r\u00e9sultant de l\u2019utilisation du site ou de l\u2019impossibilit\u00e9 d\u2019y acc\u00e9der.<\/p>\n\n\n\n<p><\/p>\n","protected":false},"excerpt":{"rendered":"<p>\u00c9diteur du site Le pr\u00e9sent site internet (pharmaciedepaste.fr) est \u00e9dit\u00e9 par :Pharmacie de PasteAdresse :&nbsp;Boulevard de Paste &#8211; 07000 Privas &#8211; FranceSIRET : 838 444 651 00015T\u00e9l\u00e9phone : 04 75 64 02 20E-mail : pharmaciedepaste@gmail.com H\u00e9bergeur du site Le site est h\u00e9berg\u00e9 par : OVHAdresse : 2 rue Kellermann &#8211; 59100 Roubaix &#8211; FranceT\u00e9l\u00e9phone : [&hellip;]<\/p>\n","protected":false},"author":2,"featured_media":0,"parent":0,"menu_order":0,"comment_status":"closed","ping_status":"closed","template":"","meta":{"footnotes":""},"class_list":["post-268","page","type-page","status-publish","hentry"],"_links":{"self":[{"href":"https:\/\/www.pharmaciedepaste.fr\/index.php\/wp-json\/wp\/v2\/pages\/268","targetHints":{"allow":["GET"]}}],"collection":[{"href":"https:\/\/www.pharmaciedepaste.fr\/index.php\/wp-json\/wp\/v2\/pages"}],"about":[{"href":"https:\/\/www.pharmaciedepaste.fr\/index.php\/wp-json\/wp\/v2\/types\/page"}],"author":[{"embeddable":true,"href":"https:\/\/www.pharmaciedepaste.fr\/index.php\/wp-json\/wp\/v2\/users\/2"}],"replies":[{"embeddable":true,"href":"https:\/\/www.pharmaciedepaste.fr\/index.php\/wp-json\/wp\/v2\/comments?post=268"}],"version-history":[{"count":5,"href":"https:\/\/www.pharmaciedepaste.fr\/index.php\/wp-json\/wp\/v2\/pages\/268\/revisions"}],"predecessor-version":[{"id":284,"href":"https:\/\/www.pharmaciedepaste.fr\/index.php\/wp-json\/wp\/v2\/pages\/268\/revisions\/284"}],"wp:attachment":[{"href":"https:\/\/www.pharmaciedepaste.fr\/index.php\/wp-json\/wp\/v2\/media?parent=268"}],"curies":[{"name":"wp","href":"https:\/\/api.w.org\/{rel}","templated":true}]}}